{"id":16,"date":"2026-03-29T19:53:55","date_gmt":"2026-03-29T17:53:55","guid":{"rendered":"https:\/\/brightcider.hu\/?page_id=16"},"modified":"2026-04-15T09:01:30","modified_gmt":"2026-04-15T07:01:30","slug":"aszf","status":"publish","type":"page","link":"https:\/\/brightcider.hu\/en\/aszf\/","title":{"rendered":"\u00c1ltal\u00e1nos Szerz\u0151d\u00e9si Felt\u00e9telek"},"content":{"rendered":"<h1>\u00c1ltal\u00e1nos Szerz\u0151d\u00e9si Felt\u00e9telek<\/h1>\n<p>A jelen \u00c1ltal\u00e1nos Szerz\u0151d\u00e9si Felt\u00e9telek (a tov\u00e1bbiakban: \u00c1SZF) a Magyar Cider Kft. (tov\u00e1bbiakban: Szolg\u00e1ltat\u00f3 vagy Elad\u00f3), \u00e9s a Szolg\u00e1ltat\u00f3 \u00e1ltal a brightcider.hu weboldalon kereszt\u00fcl ny\u00fajtott elektronikus kereskedelmi szolg\u00e1ltat\u00e1sokat ig\u00e9nybe vev\u0151 \u00dcgyf\u00e9l (a tov\u00e1bbiakban: \u00dcgyf\u00e9l vagy Vev\u0151 vagy Felhaszn\u00e1l\u00f3) jogait \u00e9s k\u00f6telezetts\u00e9geit tartalmazza (Szolg\u00e1ltat\u00f3 \u00e9s \u00dcgyf\u00e9l a tov\u00e1bbiakban egy\u00fcttesen: Felek). Az \u00c1SZF minden jog\u00fcgyletre \u00e9s szolg\u00e1ltat\u00e1sra vonatkozik, amely a brightcider.hu weboldalon (a tov\u00e1bbiakban: Weboldal) kereszt\u00fcl t\u00f6rt\u00e9nik, f\u00fcggetlen\u00fcl att\u00f3l, hogy annak teljes\u00edt\u00e9se Magyarorsz\u00e1gr\u00f3l vagy k\u00fclf\u00f6ldr\u0151l, a Szolg\u00e1ltat\u00f3 vagy k\u00f6zrem\u0171k\u00f6d\u0151je \u00e1ltal t\u00f6rt\u00e9nik. Jelen \u00c1SZF folyamatosan el\u00e9rhet\u0151 \u00e9s let\u00f6lthet\u0151 a k\u00f6vetkez\u0151 weboldalr\u00f3l: brightcider.hu\/aszf<\/p>\n<p>A jelenlegi \u00c1SZF tartalmazza a brightcider.hu (a tov\u00e1bbiakban: Web\u00e1ruh\u00e1z) haszn\u00e1lat\u00e1nak a felt\u00e9teleit az al\u00e1bbiak szerint: Jelen \u00c1SZF alapj\u00e1n l\u00e9trej\u00f6tt ad\u00e1sv\u00e9teli szerz\u0151d\u00e9s (a tov\u00e1bbiakban: Szerz\u0151d\u00e9s) \u00edr\u00e1sbeli szerz\u0151d\u00e9snek min\u0151s\u00fcl, a Szolg\u00e1ltat\u00f3 elektronikusan iktatja, \u00e9s 8 \u00e9vig meg\u0151rzi, mely id\u0151tartam alatt ut\u00f3lag hozz\u00e1f\u00e9rhet\u0151. A szerz\u0151d\u00e9s magyar nyelven j\u00f6n l\u00e9tre \u00e9s magatart\u00e1si k\u00f3dexre nem utal.<\/p>\n<p><strong>Legfontosabb tudnival\u00f3k a Web\u00e1ruh\u00e1zr\u00f3l:<\/strong><\/p>\n<p>A Web\u00e1ruh\u00e1zunkban t\u00f6rt\u00e9n\u0151 v\u00e1s\u00e1rl\u00e1s nincs minimum \u00f6sszeghat\u00e1rhoz k\u00f6tve.<\/p>\n<p><strong>Hogyan tudom kifizetni a megrendel\u00e9semet?<\/strong><\/p>\n<p>Magyarorsz\u00e1gra t\u00f6rt\u00e9n\u0151 rendel\u00e9s eset\u00e9n:<\/p>\n<ul>\n<li>szem\u00e9lyes \u00e1tv\u00e9telkor &#8211; bankk\u00e1rty\u00e1val vagy k\u00e9szp\u00e9nzzel<\/li>\n<li>valamint egyedi meg\u00e1llapod\u00e1s eset\u00e9n szerz\u0151d\u00e9s szerint<\/li>\n<\/ul>\n<p><strong>Mi a teend\u0151, ha probl\u00e9m\u00e1m van a megrendelt term\u00e9kkel kapcsolatban?<\/strong><\/p>\n<p>Fordulj \u00dcgyf\u00e9lszolg\u00e1latunkhoz az <a href=\"mailto:info@brightcider.hu\">info@brightcider.hu<\/a> e-mail c\u00edm\u00fcnk\u00f6n, vagy a +36-20\/373-7674-\u00f6s telefonsz\u00e1mon.<\/p>\n<p><strong>A Szolg\u00e1ltat\u00f3 adatai:<\/strong><\/p>\n<ul>\n<li>N\u00e9v: Magyar Cider Kft.<\/li>\n<li>Sz\u00e9khely \u00e9s levelez\u00e9si c\u00edm: 1123 Budapest, Alkot\u00e1s utca 55-61.<\/li>\n<li>C\u00e9gjegyz\u00e9ksz\u00e1m: 01 09 374225<\/li>\n<li>Bejegyz\u0151 b\u00edr\u00f3s\u00e1g megnevez\u00e9se: F\u0151v\u00e1rosi T\u00f6rv\u00e9nysz\u00e9k C\u00e9gb\u00edr\u00f3s\u00e1ga<\/li>\n<li>Ad\u00f3sz\u00e1m: 28794392-2-43<\/li>\n<li>Kereskedelmi nyilv\u00e1ntart\u00e1st vezet\u0151 jegyz\u0151: Budapest F\u0151v\u00e1ros XII. ker\u00fclet Hegyvid\u00e9ki Polg\u00e1rmesteri Hivatal<\/li>\n<li>Kereskedelmi nyilv\u00e1ntart\u00e1si sz\u00e1m: 311019\/B\/1<\/li>\n<li>Csomagk\u00fcld\u0151 kereskedelmi nyilv\u00e1ntart\u00e1si sz\u00e1m: 311019\/B\/1<\/li>\n<li>Bank: Raiffeisen Bank<\/li>\n<li>Banksz\u00e1mlasz\u00e1m: 12011375-01742946-00100006<\/li>\n<\/ul>\n<p><strong>Web\u00e1ruh\u00e1z \u00fcgyf\u00e9lszolg\u00e1lat:<\/strong><\/p>\n<p>\u00dcgyf\u00e9lszolg\u00e1lati iroda helye: 1123 Budapest Alkot\u00e1s u 55-61.<\/p>\n<p>\u00dcgyf\u00e9lszolg\u00e1lat nyitvatart\u00e1si ideje: H-P: 10.00-16.00<\/p>\n<p>Telefon: +36-20\/373-7674<\/p>\n<p><strong>Internet c\u00edm:<\/strong><\/p>\n<p><a href=\"https:\/\/brightcider.hu\/en\/\" target=\"_blank\" rel=\"noreferrer\">www.brightcider.hu<\/a><\/p>\n<p><strong>E-mail:<\/strong><\/p>\n<ul>\n<li>\u00c1ltal\u00e1nos k\u00e9rd\u00e9sekben: <a href=\"mailto:info@brightcider.hu\">info@brightcider.hu<\/a><\/li>\n<\/ul>\n<p>Budapest, 2022. j\u00fanius 15.<\/p>\n<p>Magyar Cider Kft.<\/p>","protected":false},"excerpt":{"rendered":"<p>\u00c1ltal\u00e1nos Szerz\u0151d\u00e9si Felt\u00e9telek A jelen \u00c1ltal\u00e1nos Szerz\u0151d\u00e9si Felt\u00e9telek (a tov\u00e1bbiakban: \u00c1SZF) a Magyar Cider Kft. (tov\u00e1bbiakban: Szolg\u00e1ltat\u00f3 vagy Elad\u00f3), \u00e9s a Szolg\u00e1ltat\u00f3 \u00e1ltal a brightcider.hu weboldalon kereszt\u00fcl ny\u00fajtott elektronikus kereskedelmi szolg\u00e1ltat\u00e1sokat ig\u00e9nybe vev\u0151 \u00dcgyf\u00e9l (a tov\u00e1bbiakban: \u00dcgyf\u00e9l vagy Vev\u0151 vagy Felhaszn\u00e1l\u00f3) jogait \u00e9s k\u00f6telezetts\u00e9geit tartalmazza (Szolg\u00e1ltat\u00f3 \u00e9s \u00dcgyf\u00e9l a tov\u00e1bbiakban egy\u00fcttesen: Felek). Az \u00c1SZF minden [&hellip;]<\/p>\n","protected":false},"author":0,"featured_media":0,"parent":0,"menu_order":0,"comment_status":"closed","ping_status":"closed","template":"","meta":{"footnotes":""},"class_list":["post-16","page","type-page","status-publish","hentry"],"_links":{"self":[{"href":"https:\/\/brightcider.hu\/en\/wp-json\/wp\/v2\/pages\/16","targetHints":{"allow":["GET"]}}],"collection":[{"href":"https:\/\/brightcider.hu\/en\/wp-json\/wp\/v2\/pages"}],"about":[{"href":"https:\/\/brightcider.hu\/en\/wp-json\/wp\/v2\/types\/page"}],"replies":[{"embeddable":true,"href":"https:\/\/brightcider.hu\/en\/wp-json\/wp\/v2\/comments?post=16"}],"version-history":[{"count":1,"href":"https:\/\/brightcider.hu\/en\/wp-json\/wp\/v2\/pages\/16\/revisions"}],"predecessor-version":[{"id":225,"href":"https:\/\/brightcider.hu\/en\/wp-json\/wp\/v2\/pages\/16\/revisions\/225"}],"wp:attachment":[{"href":"https:\/\/brightcider.hu\/en\/wp-json\/wp\/v2\/media?parent=16"}],"curies":[{"name":"wp","href":"https:\/\/api.w.org\/{rel}","templated":true}]}}