{"id":17,"date":"2026-03-29T19:53:56","date_gmt":"2026-03-29T17:53:56","guid":{"rendered":"https:\/\/brightcider.hu\/?page_id=17"},"modified":"2026-04-15T09:13:46","modified_gmt":"2026-04-15T07:13:46","slug":"adatvedelem","status":"publish","type":"page","link":"https:\/\/brightcider.hu\/en\/adatvedelem\/","title":{"rendered":"Adatkezel\u00e9si T\u00e1j\u00e9koztat\u00f3"},"content":{"rendered":"<h1>Adatkezel\u00e9si T\u00e1j\u00e9koztat\u00f3<\/h1>\n<p>Jelen Adatkezel\u00e9si T\u00e1j\u00e9koztat\u00f3 (\u201eT\u00e1j\u00e9koztat\u00f3&#8221;) az al\u00e1bbiakban pontokba szedett adatkezel\u00e9si tev\u00e9kenys\u00e9gek sor\u00e1n kezelt szem\u00e9lyes adatokkal kapcsolatban t\u00e1j\u00e9koztatja az \u00e9rintettet az Eur\u00f3pai Parlament \u00e9s a Tan\u00e1cs (EU) 2016\/679 rendelete (\u201eGDPR&#8221;) 13. \u00e9s 14. cikke alapj\u00e1n.<\/p>\n<p><strong>Az adatkezel\u0151 \u00e9s el\u00e9rhet\u0151s\u00e9gei<\/strong><\/p>\n<p>Az adatkezel\u0151 c\u00e9gneve: Magyar Cider Kft. (a tov\u00e1bbiakban: \u201eAdatkezel\u0151&#8221;)<\/p>\n<p>Sz\u00e9khelye: 1123 Budapest, Alkot\u00e1s utca 55-61.<\/p>\n<p>C\u00e9gjegyz\u00e9ksz\u00e1m: 01 09 374225<\/p>\n<p>E-mail c\u00edme: <a href=\"mailto:info@brightcider.hu\">info@brightcider.hu<\/a><\/p>\n<p>Telefonsz\u00e1ma: +36-(30)-227-43-05<\/p>\n<p><strong>Az \u00e9rintett adatainak kezel\u00e9se a web\u00e1ruh\u00e1zi v\u00e1s\u00e1rl\u00e1shoz kapcsol\u00f3d\u00f3an<\/strong><\/p>\n<p>A Szolg\u00e1ltat\u00e1s le\u00edr\u00e1sa: Az Adatkezel\u0151 a brightcider.hu honlapon m\u0171k\u00f6dtetett web\u00e1ruh\u00e1z\u00e1ban t\u00f6rt\u00e9n\u0151 v\u00e1s\u00e1rl\u00e1s (term\u00e9k \u00e9rt\u00e9kes\u00edt\u00e9s) eset\u00e9n a v\u00e1s\u00e1rl\u00f3k szem\u00e9lyes adatait kezeli abb\u00f3l a c\u00e9lb\u00f3l, hogy a v\u00e1s\u00e1rl\u00e1ssal kapcsolatban fenn\u00e1ll\u00f3 sz\u00e1mlaad\u00e1si k\u00f6telezetts\u00e9get teljes\u00edtse, a v\u00e1s\u00e1rl\u00e1s t\u00e9ny\u00e9t elektronikus \u00faton visszajelezze, a megv\u00e1s\u00e1rolt term\u00e9ket a v\u00e1s\u00e1rl\u00f3 sz\u00e1m\u00e1ra \u00e1tv\u00e9teli ponton \u00e1tadhassa.<\/p>\n<p>Az \u00e9rintettek k\u00f6re: Web\u00e1ruh\u00e1zban v\u00e1s\u00e1rl\u00f3 szem\u00e9ly.<\/p>\n<p><strong>Az adatkezel\u00e9sek c\u00e9ljai:<\/strong><\/p>\n<ul>\n<li>A Szerz\u0151d\u00e9s teljes\u00edt\u00e9se: a web\u00e1ruh\u00e1z\u00e1ban t\u00f6rt\u00e9n\u0151 v\u00e1s\u00e1rl\u00e1s eset\u00e9n a szerz\u0151d\u00e9s l\u00e9trehoz\u00e1sa, tartalm\u00e1nak meghat\u00e1roz\u00e1sa, m\u00f3dos\u00edt\u00e1sa, a v\u00e1s\u00e1rl\u00e1s t\u00e9ny\u00e9nek elektronikus \u00faton t\u00f6rt\u00e9n\u0151 visszajelz\u00e9se, a megv\u00e1s\u00e1rolt term\u00e9k v\u00e1s\u00e1rl\u00f3 \u00e1ltali \u00e1tv\u00e9tele, azaz a teljes\u00edt\u00e9s figyelemmel k\u00eds\u00e9r\u00e9se \u00e9s az abb\u00f3l sz\u00e1rmaz\u00f3 d\u00edjak sz\u00e1ml\u00e1z\u00e1sa.<\/li>\n<li>Az adatkezel\u0151 a jogszab\u00e1lyi k\u00f6telezetts\u00e9ge teljes\u00edt\u00e9se \u00e9rdek\u00e9ben bizonyos adatokat meg\u0151riz \u00e9s tov\u00e1bb kezel. (tov\u00e1bbiakban: Jogszab\u00e1lyi k\u00f6telezetts\u00e9g teljes\u00edt\u00e9se)<\/li>\n<li>Jogi ig\u00e9nyek \u00e9rv\u00e9nyes\u00edt\u00e9se c\u00e9lj\u00e1b\u00f3l a szerz\u0151d\u00e9s megsz\u0171n\u00e9s\u00e9t k\u00f6vet\u0151en az \u00e1ltal\u00e1nos el\u00e9v\u00fcl\u00e9si id\u0151 alatt.<\/li>\n<li>Az \u00c9rintett hozz\u00e1j\u00e1rul\u00e1sa alapj\u00e1n az Adatkezel\u0151 az \u00c9rintett adatait kezeli a BrightCider t\u00f6rzsv\u00e1s\u00e1rl\u00f3i rendszer m\u0171k\u00f6dtet\u00e9se, h\u00edrlev\u00e9lk\u00fcld\u00e9s, prom\u00f3ci\u00f3k \u00e9s rendezv\u00e9nyekr\u0151l t\u00f6rt\u00e9n\u0151 \u00e9rtes\u00edt\u00e9s c\u00e9lj\u00e1b\u00f3l.<\/li>\n<\/ul>\n<p><strong>Az adatgy\u0171jt\u00e9s m\u00f3dja<\/strong><\/p>\n<p>Online m\u00f3don a rendel\u00e9si formok kit\u00f6lt\u00e9s\u00e9n kereszt\u00fcl<\/p>\n<p><strong>A kezelt adatok:<\/strong><\/p>\n<ul>\n<li>Szerz\u0151d\u00e9s teljes\u00edt\u00e9se: Vezet\u00e9k-, keresztn\u00e9v, sz\u00e1ml\u00e1z\u00e1si c\u00edm, telefonsz\u00e1m, e-mail c\u00edm<\/li>\n<li>Jogszab\u00e1lyi k\u00f6telezetts\u00e9g teljes\u00edt\u00e9se: Vezet\u00e9k-, keresztn\u00e9v, sz\u00e1ml\u00e1z\u00e1si c\u00edm<\/li>\n<li>Jogi ig\u00e9nyek \u00e9rv\u00e9nyes\u00edt\u00e9se: Vezet\u00e9k-, keresztn\u00e9v, sz\u00e1ml\u00e1z\u00e1si c\u00edm, e-mail c\u00edm<\/li>\n<li>Hozz\u00e1j\u00e1rul\u00e1s: Vezet\u00e9k-, keresztn\u00e9v, sz\u00e1ml\u00e1z\u00e1si c\u00edm, telefonsz\u00e1m, e-mail c\u00edm<\/li>\n<\/ul>\n<p>Adatkezel\u0151 a kezelt adatok helyess\u00e9g\u00e9\u00e9rt nem v\u00e1llal felel\u0151ss\u00e9get, az adatok pontos \u00e9s helyes megad\u00e1sa a v\u00e1s\u00e1rl\u00f3 k\u00f6telezetts\u00e9ge. Amennyiben a v\u00e1s\u00e1rl\u00f3 adatai az adatkezel\u00e9s id\u0151tartama alatt m\u00f3dosulnak, vagy azok b\u00e1rmely el\u00edr\u00e1s folyt\u00e1n jav\u00edt\u00e1sra szorulnak, \u00fagy a v\u00e1s\u00e1rl\u00f3 jogosult a lentebbi vonatkoz\u00f3 pont szerint az adatai helyesb\u00edt\u00e9s\u00e9re.<\/p>\n<p><strong>Az adatkezel\u00e9s id\u0151tartama:<\/strong><\/p>\n<ul>\n<li>Szerz\u0151d\u00e9s teljes\u00edt\u00e9se: a szerz\u0151d\u00e9s teljes\u00edt\u00e9s\u00e9ig.<\/li>\n<li>Jogszab\u00e1lyi k\u00f6telezetts\u00e9g teljes\u00edt\u00e9se: a sz\u00e1mviteli t\u00f6rv\u00e9nyben el\u0151\u00edrt bizonylat meg\u0151rz\u00e9si k\u00f6telezetts\u00e9g alapj\u00e1n 8 \u00e9vig.<\/li>\n<li>Jogi ig\u00e9nyek \u00e9rv\u00e9nyes\u00edt\u00e9se: a szerz\u0151d\u00e9s megsz\u0171n\u00e9s\u00e9t k\u00f6vet\u0151 5 \u00e9vig a Ptk. 6:22.\u00a7 (1) bekezd\u00e9s\u00e9ben meghat\u00e1rozott el\u00e9v\u00fcl\u00e9s szab\u00e1lyai szerint.<\/li>\n<li>Hozz\u00e1j\u00e1rul\u00e1s: a hozz\u00e1j\u00e1rul\u00e1s visszavon\u00e1s\u00e1ig.<\/li>\n<\/ul>\n<p><strong>Az adatkezel\u00e9s jogalapja:<\/strong><\/p>\n<ul>\n<li>Szerz\u0151d\u00e9s teljes\u00edt\u00e9se: A szerz\u0151d\u00e9s l\u00e9trehoz\u00e1sa, tartalm\u00e1nak meghat\u00e1roz\u00e1sa, m\u00f3dos\u00edt\u00e1sa, a teljes\u00edt\u00e9s figyelemmel k\u00eds\u00e9r\u00e9se \u00e9s az abb\u00f3l sz\u00e1rmaz\u00f3 d\u00edjak sz\u00e1ml\u00e1z\u00e1sa, teh\u00e1t a szerz\u0151d\u00e9s teljes\u00edt\u00e9se az adatkezel\u00e9s jogalapja.<\/li>\n<li>Jogszab\u00e1lyi k\u00f6telezetts\u00e9g teljes\u00edt\u00e9se: a sz\u00e1mviteli t\u00f6rv\u00e9nyben el\u0151\u00edrt bizonylat meg\u0151rz\u00e9si k\u00f6telezetts\u00e9g: 2000. \u00e9vi C. tv. 169. \u00a7 (2) bekezd\u00e9se.<\/li>\n<li>Jogi ig\u00e9nyek \u00e9rv\u00e9nyes\u00edt\u00e9se eset\u00e9n az adatkezel\u00e9s jogalapja az adatkezel\u0151 jogos \u00e9rdeke, azaz, hogy a szerz\u0151d\u00e9sb\u0151l ered\u0151 esetleges jogait \u00e9s k\u00f6vetel\u00e9seit \u00e9rv\u00e9nyes\u00edthesse, illet\u0151leg v\u00e9dekezhessen az ilyen jogi ig\u00e9nyek, k\u00f6vetel\u00e9sek el\u0151terjeszt\u00e9se eset\u00e9n.<\/li>\n<li>Hozz\u00e1j\u00e1rul\u00e1s eset\u00e9n az \u00e9rintett megfelel\u0151 t\u00e1j\u00e9koztat\u00e1son alapul\u00f3 \u00f6nk\u00e9ntes hozz\u00e1j\u00e1rul\u00e1sa.<\/li>\n<\/ul>\n<p><strong>Adattov\u00e1bb\u00edt\u00e1s:<\/strong><\/p>\n<p>Adatkezel\u0151 az adatokat az al\u00e1bbi Adatfeldolgoz\u00f3k r\u00e9sz\u00e9re tov\u00e1bb\u00edthatja az itt meghat\u00e1rozott feladatokra:<\/p>\n<table>\n<tr>\n<th>Adatfeldolgoz\u00f3<\/th>\n<th>Sz\u00e9khely<\/th>\n<th>Feladat<\/th>\n<\/tr>\n<tr>\n<td>Hostinger International Ltd.<\/td>\n<td>61 Lordou Vironos str., 6023 Larnaca, Cyprus<\/td>\n<td>T\u00e1rhely, weboldal-szolg\u00e1ltat\u00e1s<\/td>\n<\/tr>\n<tr>\n<td>Billingo Technologies Zrt.<\/td>\n<td>1133 Budapest, \u00c1rb\u00f3c utca 6. I. emelet<\/td>\n<td>Online sz\u00e1ml\u00e1z\u00e1s<\/td>\n<\/tr>\n<tr>\n<td>CSG Control &amp; Audit Kft.<\/td>\n<td>1137 Bp. Pozsonyi \u00fat 16.<\/td>\n<td>K\u00f6nyvel\u00e9si \u00e9s sz\u00e1mviteli szolg\u00e1ltat\u00e1s<\/td>\n<\/tr>\n<tr>\n<td>Nemzeti Ad\u00f3- \u00e9s V\u00e1mhivatal<\/td>\n<td>1054 Bp., Sz\u00e9chenyi u. 2.<\/td>\n<td>Bevall\u00e1si \u00e9s lejelent\u00e9si k\u00f6telezetts\u00e9g teljes\u00edt\u00e9se<\/td>\n<\/tr>\n<\/table>\n<p><strong>Automatiz\u00e1lt d\u00f6nt\u00e9shozatal \u00e9s profilalkot\u00e1s:<\/strong><\/p>\n<p>Az Adatkezel\u0151 nem v\u00e9gez automatiz\u00e1lt d\u00f6nt\u00e9shozatalt, bele\u00e9rtve a profilalkot\u00e1st.<\/p>\n<p><strong>Az \u00e9rintett jogai<\/strong><\/p>\n<p><strong>A hozz\u00e1f\u00e9r\u00e9shez val\u00f3 jog:<\/strong> Az \u00c9rintett jogosult arra, hogy az Adatkezel\u0151t\u0151l visszajelz\u00e9st kapjon arra vonatkoz\u00f3an, hogy szem\u00e9lyes adatainak kezel\u00e9se folyamatban van-e, \u00e9s ha ilyen adatkezel\u00e9s folyamatban van, akkor jogosult arra, hogy a szem\u00e9lyes adatokhoz \u00e9s az al\u00e1bbi inform\u00e1ci\u00f3khoz hozz\u00e1f\u00e9r\u00e9st kapjon: az adatkezel\u00e9s c\u00e9ljai, az \u00e9rintett szem\u00e9lyes adat kateg\u00f3ri\u00e1i, azon c\u00edmzettek kateg\u00f3ri\u00e1i, akinek az \u00e9rintett szem\u00e9lyes adatait k\u00f6z\u00f6lt\u00e9k vagy k\u00f6z\u00f6lni fogj\u00e1k, az \u00e9rintett szem\u00e9lyes adatok t\u00e1rol\u00e1s\u00e1nak tervezett id\u0151tartama, az \u00c9rintettet megillet\u0151 \u00e9rintetti jogok, a valamely fel\u00fcgyeleti hat\u00f3s\u00e1ghoz c\u00edmzett panasz beny\u00fajt\u00e1s\u00e1nak joga, ha az adatot az Adatkezel\u0151 nem az \u00c9rintett\u0151l szerezte, akkor a forr\u00e1sra vonatkoz\u00f3 minden el\u00e9rhet\u0151 inform\u00e1ci\u00f3.<\/p>\n<p><strong>A helyesb\u00edt\u00e9shez val\u00f3 jog:<\/strong> Az \u00c9rintett jogosult ahhoz, hogy a r\u00e1 vonatkoz\u00f3 szem\u00e9lyes adatok helyesb\u00edt\u00e9s\u00e9t k\u00e9rje. Amennyiben az \u00c9rintettre vonatkoz\u00f3 szem\u00e9lyes adatok hi\u00e1nyosak, \u00fagy az \u00c9rintett jogosult a szem\u00e9lyes adatok kieg\u00e9sz\u00edt\u00e9s\u00e9t k\u00e9rni. Az \u00c9rintett a helyesb\u00edt\u00e9st, kieg\u00e9sz\u00edt\u00e9st kiz\u00e1r\u00f3lag \u00edr\u00e1sban \u2013 postai \u00faton a 1123 Budapest, Alkot\u00e1s utca 55-61. c\u00edmre k\u00fcld\u00f6tt lev\u00e9lben vagy az <a href=\"mailto:info@brightcider.hu\">info@brightcider.hu<\/a> c\u00edmre k\u00fcld\u00f6tt e-mailben \u2013 jogosult az Adatkezel\u0151t\u0151l k\u00e9rni.<\/p>\n<p><strong>A t\u00f6rl\u00e9shez val\u00f3 jog (\u201eaz elfeledtet\u00e9shez val\u00f3 jog&#8221;):<\/strong> Az \u00c9rintett jogosult ind\u00edtv\u00e1nyozni, hogy az Adatkezel\u0151 a re\u00e1 vonatkoz\u00f3 szem\u00e9lyes adato(ka)t indokolatlan k\u00e9sedelem n\u00e9lk\u00fcl t\u00f6r\u00f6lje, amennyiben az al\u00e1bbi indokok valamelyike fenn\u00e1ll: a szem\u00e9lyes adatra nincsen sz\u00fcks\u00e9g abb\u00f3l a c\u00e9lb\u00f3l, amelyb\u0151l azt gy\u0171jt\u00f6tt\u00e9k; az \u00c9rintett a hozz\u00e1j\u00e1rul\u00e1s\u00e1t visszavonta \u00e9s nincs m\u00e1s jogalap; az \u00c9rintett tiltakozik az adatkezel\u00e9s ellen; az adatkezel\u00e9s jogellenes; jogszab\u00e1lyi k\u00f6telezetts\u00e9g teljes\u00edt\u00e9s\u00e9hez t\u00f6r\u00f6lni kell.<\/p>\n<p><strong>Az adatkezel\u00e9s korl\u00e1toz\u00e1s\u00e1hoz val\u00f3 jog:<\/strong> Az \u00c9rintett jogosult ind\u00edtv\u00e1nyozni, hogy az Adatkezel\u0151 a re\u00e1 vonatkoz\u00f3 szem\u00e9lyes adato(k) kezel\u00e9s\u00e9t, felhaszn\u00e1l\u00e1s\u00e1t korl\u00e1tozza, amennyiben vitatja a szem\u00e9lyes adatok pontoss\u00e1g\u00e1t, az adatkezel\u00e9s jogellenes de t\u00f6rl\u00e9s helyett korl\u00e1toz\u00e1st k\u00e9r, az Adatkezel\u0151 sz\u00e1m\u00e1ra az adatkezel\u00e9s c\u00e9lja megsz\u0171nt de az \u00c9rintett ig\u00e9nyli azokat jogi ig\u00e9nyekhez, vagy az \u00c9rintett tiltakozik az adatkezel\u00e9s ellen.<\/p>\n<p><strong>A tiltakoz\u00e1shoz val\u00f3 jog:<\/strong> Az \u00c9rintett jogosult tiltakozni szem\u00e9lyes adatainak kezel\u00e9se ellen \u00e9s ilyen esetben az Adatkezel\u0151 nem kezelheti tov\u00e1bb az \u00c9rintett szem\u00e9lyes adatait, kiv\u00e9ve, ha bizony\u00edthat\u00f3, hogy az adatkezel\u00e9st k\u00e9nyszer\u00edt\u0151 erej\u0171 jogos okok indokolj\u00e1k, vagy az adatkezel\u00e9s jogi ig\u00e9nyek el\u0151terjeszt\u00e9s\u00e9hez kapcsol\u00f3dik.<\/p>\n<p><strong>Az adathordozhat\u00f3s\u00e1ghoz val\u00f3 jog:<\/strong> Az \u00c9rintett jogosult arra, hogy a r\u00e1 vonatkoz\u00f3, az Adatkezel\u0151 \u00e1ltal kezelt szem\u00e9lyes adatokat tagolt, sz\u00e9les k\u00f6rben haszn\u00e1lt, g\u00e9ppel olvashat\u00f3 form\u00e1tumban megkapja, tov\u00e1bb\u00e1 jogosult arra, hogy ezeket az adatokat m\u00e1sik adatkezel\u0151nek tov\u00e1bb\u00edtsa.<\/p>\n<p><strong>Jogorvoslathoz val\u00f3 jog:<\/strong> Ha az \u00c9rintett \u00fagy \u00edt\u00e9li meg, hogy az Adatkezel\u0151 \u00e1ltali szem\u00e9lyes adatainak kezel\u00e9se s\u00e9relmes, k\u00e9rj\u00fck forduljon az Adatkezel\u0151h\u00f6z a jelen T\u00e1j\u00e9koztat\u00f3ban meghat\u00e1rozott el\u00e9rhet\u0151s\u00e9geken.<\/p>\n<p><strong>A b\u00edr\u00f3s\u00e1ghoz fordul\u00e1s joga:<\/strong> Az \u00c9rintett b\u00edr\u00f3s\u00e1ghoz fordulhat, ha a szem\u00e9lyes adatainak kezel\u00e9se sor\u00e1n megs\u00e9rtett\u00e9k a GDPR szerinti jogait. A pert lak\u00f3helye szerinti t\u00f6rv\u00e9nysz\u00e9k el\u0151tt is megind\u00edthatja. T\u00f6rv\u00e9nysz\u00e9kek el\u00e9rhet\u0151s\u00e9ge: <a href=\"http:\/\/birosag.hu\/torvenyszekek\" target=\"_blank\" rel=\"noreferrer\">http:\/\/birosag.hu\/torvenyszekek<\/a><\/p>\n<p><strong>Panaszt\u00e9telhez val\u00f3 jog:<\/strong> Ha az \u00c9rintett \u00fagy \u00edt\u00e9li meg, hogy az adatkezel\u00e9s megs\u00e9rti a hat\u00e1lyos adatv\u00e9delmi jogszab\u00e1lyokat, jog\u00e1ban \u00e1ll a Nemzeti Adatv\u00e9delmi \u00e9s Inform\u00e1ci\u00f3szabads\u00e1g Hat\u00f3s\u00e1gn\u00e1l panaszt beny\u00fajtani.<\/p>\n<p>A Nemzeti Adatv\u00e9delmi \u00e9s Inform\u00e1ci\u00f3szabads\u00e1g Hat\u00f3s\u00e1g el\u00e9rhet\u0151s\u00e9gei:<\/p>\n<ul>\n<li>Honlap: <a href=\"http:\/\/naih.hu\/\" target=\"_blank\" rel=\"noreferrer\">http:\/\/naih.hu\/<\/a><\/li>\n<li>C\u00edm: 1055 Budapest, Falk Miksa utca 9-11.<\/li>\n<li>Postac\u00edm: 1363 Budapest, Pf.: 9.<\/li>\n<\/ul>\n<p>Budapest, 2022. j\u00fanius 15.<\/p>\n<p>Magyar Cider Kft.<\/p>\n<h2>S\u00fctik (cookie-k)<\/h2>\n<p>A brightcider.hu weboldal s\u00fctiket haszn\u00e1l a m\u0171k\u00f6d\u00e9s\u00e9hez \u00e9s a felhaszn\u00e1l\u00f3i \u00e9lm\u00e9ny jav\u00edt\u00e1s\u00e1hoz. A s\u00fcti egy kis sz\u00f6veges f\u00e1jl, amelyet a b\u00f6ng\u00e9sz\u0151 t\u00e1rol a felhaszn\u00e1l\u00f3 eszk\u00f6z\u00e9n.<\/p>\n<h3>Felt\u00e9tlen\u00fcl sz\u00fcks\u00e9ges s\u00fctik<\/h3>\n<p>Ezek a s\u00fctik az oldal alapvet\u0151 m\u0171k\u00f6d\u00e9s\u00e9hez sz\u00fcks\u00e9gesek, haszn\u00e1latukhoz nem sz\u00fcks\u00e9ges a felhaszn\u00e1l\u00f3 hozz\u00e1j\u00e1rul\u00e1sa.<\/p>\n<table>\n<tr>\n<th>S\u00fcti neve<\/th>\n<th>C\u00e9l<\/th>\n<th>Lej\u00e1rat<\/th>\n<\/tr>\n<tr>\n<td>age_gate<\/td>\n<td>\u00c9letkor-ellen\u0151rz\u00e9s megjegyz\u00e9se (a Grt. szerinti jogszab\u00e1lyi k\u00f6telezetts\u00e9g teljes\u00edt\u00e9se)<\/td>\n<td>365 nap<\/td>\n<\/tr>\n<tr>\n<td>wp_woocommerce_session_*<\/td>\n<td>Web\u00e1ruh\u00e1zi munkamenet azonos\u00edt\u00e1sa<\/td>\n<td>2 nap<\/td>\n<\/tr>\n<tr>\n<td>woocommerce_cart_hash<\/td>\n<td>Kos\u00e1r tartalm\u00e1nak azonos\u00edt\u00e1sa<\/td>\n<td>munkamenet<\/td>\n<\/tr>\n<tr>\n<td>woocommerce_items_in_cart<\/td>\n<td>Jelzi, hogy van-e term\u00e9k a kos\u00e1rban<\/td>\n<td>munkamenet<\/td>\n<\/tr>\n<\/table>\n<h3>Funkcion\u00e1lis s\u00fctik<\/h3>\n<table>\n<tr>\n<th>S\u00fcti neve<\/th>\n<th>C\u00e9l<\/th>\n<th>Lej\u00e1rat<\/th>\n<\/tr>\n<tr>\n<td>trp_language<\/td>\n<td>A felhaszn\u00e1l\u00f3 \u00e1ltal v\u00e1lasztott nyelv megjegyz\u00e9se<\/td>\n<td>1 \u00e9v<\/td>\n<\/tr>\n<\/table>\n<h3>Harmadik f\u00e9lt\u0151l sz\u00e1rmaz\u00f3 s\u00fctik<\/h3>\n<p>A fizet\u00e9si folyamat sor\u00e1n a Stripe, Inc. (354 Oyster Point Blvd, South San Francisco, CA 94080, USA) a biztons\u00e1gos tranzakci\u00f3 lebonyol\u00edt\u00e1sa \u00e9rdek\u00e9ben saj\u00e1t s\u00fctiket helyezhet el. Ezekr\u0151l a Stripe adatv\u00e9delmi t\u00e1j\u00e9koztat\u00f3ja ny\u00fajt felvil\u00e1gos\u00edt\u00e1st: <a href=\"https:\/\/stripe.com\/privacy\" target=\"_blank\" rel=\"noreferrer noopener\">https:\/\/stripe.com\/privacy<\/a><\/p>","protected":false},"excerpt":{"rendered":"<p>Adatkezel\u00e9si T\u00e1j\u00e9koztat\u00f3 Jelen Adatkezel\u00e9si T\u00e1j\u00e9koztat\u00f3 (\u201eT\u00e1j\u00e9koztat\u00f3&#8221;) az al\u00e1bbiakban pontokba szedett adatkezel\u00e9si tev\u00e9kenys\u00e9gek sor\u00e1n kezelt szem\u00e9lyes adatokkal kapcsolatban t\u00e1j\u00e9koztatja az \u00e9rintettet az Eur\u00f3pai Parlament \u00e9s a Tan\u00e1cs (EU) 2016\/679 rendelete (\u201eGDPR&#8221;) 13. \u00e9s 14. cikke alapj\u00e1n. Az adatkezel\u0151 \u00e9s el\u00e9rhet\u0151s\u00e9gei Az adatkezel\u0151 c\u00e9gneve: Magyar Cider Kft. (a tov\u00e1bbiakban: \u201eAdatkezel\u0151&#8221;) Sz\u00e9khelye: 1123 Budapest, Alkot\u00e1s utca 55-61. C\u00e9gjegyz\u00e9ksz\u00e1m: [&hellip;]<\/p>\n","protected":false},"author":1,"featured_media":0,"parent":0,"menu_order":0,"comment_status":"closed","ping_status":"closed","template":"","meta":{"footnotes":""},"class_list":["post-17","page","type-page","status-publish","hentry"],"_links":{"self":[{"href":"https:\/\/brightcider.hu\/en\/wp-json\/wp\/v2\/pages\/17","targetHints":{"allow":["GET"]}}],"collection":[{"href":"https:\/\/brightcider.hu\/en\/wp-json\/wp\/v2\/pages"}],"about":[{"href":"https:\/\/brightcider.hu\/en\/wp-json\/wp\/v2\/types\/page"}],"author":[{"embeddable":true,"href":"https:\/\/brightcider.hu\/en\/wp-json\/wp\/v2\/users\/1"}],"replies":[{"embeddable":true,"href":"https:\/\/brightcider.hu\/en\/wp-json\/wp\/v2\/comments?post=17"}],"version-history":[{"count":4,"href":"https:\/\/brightcider.hu\/en\/wp-json\/wp\/v2\/pages\/17\/revisions"}],"predecessor-version":[{"id":227,"href":"https:\/\/brightcider.hu\/en\/wp-json\/wp\/v2\/pages\/17\/revisions\/227"}],"wp:attachment":[{"href":"https:\/\/brightcider.hu\/en\/wp-json\/wp\/v2\/media?parent=17"}],"curies":[{"name":"wp","href":"https:\/\/api.w.org\/{rel}","templated":true}]}}