{"id":75,"date":"2026-03-29T21:25:45","date_gmt":"2026-03-29T19:25:45","guid":{"rendered":"https:\/\/brightcider.hu\/product\/rozmaring-2021\/"},"modified":"2026-04-15T09:36:41","modified_gmt":"2026-04-15T07:36:41","slug":"rozmaring-2021","status":"publish","type":"product","link":"https:\/\/brightcider.hu\/en\/product\/rozmaring-2021\/","title":{"rendered":"Rozmaring 2021 &#8211; Single Variety Cider"},"content":{"rendered":"<p data-start=\"181\" data-end=\"372\">Made from 100% H\u00fasv\u00e9ti Rozmaring apples \u2013 a nearly forgotten old Hungarian variety, once a favorite of our grandmothers, prized for its ability to keep fresh all the way through Easter. (hence its name H\u00fasv\u00e9t = Easter)<\/p>\n<p data-start=\"374\" data-end=\"647\">Crafted using the m\u00e9thode traditionnelle, with secondary fermentation in bottle and aged for more than 3 years. This extended aging brings not only elegance, but also fine, silky bubbles and subtle creamy, lightly buttery notes, while preserving the apple's fresh, crisp character.<\/p>\n<p data-start=\"649\" data-end=\"693\">Fresh and deep, light yet complex.<\/p>\n<p data-start=\"695\" data-end=\"857\">Perfect on its own for a celebratory moment, equally at home alongside a relaxed summer barbecue, or served at the end of a meal with more characterful cheeses.<\/p>","protected":false},"excerpt":{"rendered":"<p>H\u00fasv\u00e9ti rozmaring alm\u00e1b\u00f3l k\u00e9sz\u00fclt, palackban erjesztett \u00e9s t\u00f6bb mint 3 \u00e9vig \u00e9rlelt cider. Friss, ropog\u00f3s alma karakter, selymes bubor\u00e9kokkal \u00e9s finoman kr\u00e9mes lecseng\u00e9ssel.<\/p>","protected":false},"featured_media":216,"template":"","meta":[],"product_brand":[],"product_cat":[15],"product_tag":[],"class_list":{"0":"post-75","1":"product","2":"type-product","3":"status-publish","4":"has-post-thumbnail","6":"product_cat-uncategorized","8":"first","9":"instock","10":"shipping-taxable","11":"purchasable","12":"product-type-simple"},"_links":{"self":[{"href":"https:\/\/brightcider.hu\/en\/wp-json\/wp\/v2\/product\/75","targetHints":{"allow":["GET"]}}],"collection":[{"href":"https:\/\/brightcider.hu\/en\/wp-json\/wp\/v2\/product"}],"about":[{"href":"https:\/\/brightcider.hu\/en\/wp-json\/wp\/v2\/types\/product"}],"wp:featuredmedia":[{"embeddable":true,"href":"https:\/\/brightcider.hu\/en\/wp-json\/wp\/v2\/media\/216"}],"wp:attachment":[{"href":"https:\/\/brightcider.hu\/en\/wp-json\/wp\/v2\/media?parent=75"}],"wp:term":[{"taxonomy":"product_brand","embeddable":true,"href":"https:\/\/brightcider.hu\/en\/wp-json\/wp\/v2\/product_brand?post=75"},{"taxonomy":"product_cat","embeddable":true,"href":"https:\/\/brightcider.hu\/en\/wp-json\/wp\/v2\/product_cat?post=75"},{"taxonomy":"product_tag","embeddable":true,"href":"https:\/\/brightcider.hu\/en\/wp-json\/wp\/v2\/product_tag?post=75"}],"curies":[{"name":"wp","href":"https:\/\/api.w.org\/{rel}","templated":true}]}}